{"id":6658,"date":"2025-08-02T00:24:13","date_gmt":"2025-08-02T00:24:13","guid":{"rendered":"https:\/\/langirpushbutton.cn\/product\/on-off-momentary-switches-metal-12mm-16mm-19mm-22mm-waterproof-power-push-button-switches-start-buttons\/"},"modified":"2025-08-02T01:15:17","modified_gmt":"2025-08-02T01:15:17","slug":"on-off-momentary-switches-metal-12mm-16mm-19mm-22mm-waterproof-power-push-button-switches-start-buttons","status":"publish","type":"product","link":"https:\/\/langirpushbutton.cn\/pt\/product\/on-off-momentary-switches-metal-12mm-16mm-19mm-22mm-waterproof-power-push-button-switches-start-buttons\/","title":{"rendered":"On Off Momentary Switches Metal 12mm 16mm 19mm 22mm Waterproof Power Push Button Switches Start Buttons"},"content":{"rendered":"<p>Corrente m\u00e1x. Corrente:5A<br \/>\nM\u00e1x. Tens\u00e3o:250VAC<br \/>\nLocal de origem:Zhejiang, China<br \/>\nNome da marca:Langir<br \/>\nModel Number:L22<br \/>\nLED:Sim<br \/>\nAplica\u00e7\u00e3o:El\u00e9ctrica, electrodom\u00e9sticos, controlo industrial<br \/>\nMaterial:A\u00e7o inoxid\u00e1vel, pl\u00e1stico, lat\u00e3o, alum\u00ednio<br \/>\nEstrutura:Eletr\u00f3nica, Mec\u00e2nica, Electromagn\u00e9tica<br \/>\nTipo de cabe\u00e7a:Cabe\u00e7a de c\u00fapula, Cabe\u00e7a plana, Cabe\u00e7a quadrada, Cabe\u00e7a redonda<br \/>\nTipo de terminal:Terminal de pinos, terminal de ficha, terminal de parafuso<br \/>\nSe o inteligente:N\u00c3O<br \/>\nTipo de ilumina\u00e7\u00e3o:iluminada por anel, iluminada por ponto<br \/>\nN\u00edvel IP:IP65<br \/>\nCombina\u00e7\u00e3o de interruptores:1NO1NC<br \/>\nProte\u00e7\u00e3o:IP65\/ IK09<br \/>\nTamanho do furo de montagem: Dia 22mm<br \/>\nAplica\u00e7\u00e3o:Uso geral<br \/>\nLED voltage:6V\/12V\/24V\/36V\/110V\/220V\/others<br \/>\nVida mec\u00e2nica: 1.000.000 ciclos<br \/>\nNome de produto:Interruptor de bot\u00e3o de press\u00e3o iluminado<br \/>\nFun\u00e7\u00e3o:Controlo<br \/>\nTipo de funcionamento:Autoblocante<br \/>\nCor do LED: vermelho, amarelo, verde, branco, azul, laranja<br \/>\nTipo de terminal:Terminal de parafuso<br \/>\nUnidades de venda:Artigo \u00fanico<br \/>\nTamanho da embalagem individual:1X1X1 cm<br \/>\nPeso bruto \u00fanico: 0,100 KG<\/p>\n<p><img decoding=\"async\" class=\"alignnone size-full\" src=\"https:\/\/1688factorys.com\/wp-content\/uploads\/detail_pic_0-2187.jpg\" width=\"790\" alt=\"\"\/><\/p>\n<p><img decoding=\"async\" class=\"alignnone size-full\" src=\"https:\/\/1688factorys.com\/wp-content\/uploads\/detail_pic_1-2320.jpg\" width=\"790\" alt=\"\"\/><\/p>\n<p><img decoding=\"async\" class=\"alignnone size-full\" src=\"https:\/\/1688factorys.com\/wp-content\/uploads\/detail_pic_2-2357.jpg\" width=\"790\" alt=\"\"\/><\/p>\n<p><img decoding=\"async\" class=\"alignnone size-full\" src=\"https:\/\/1688factorys.com\/wp-content\/uploads\/detail_pic_3-2333.jpg\" width=\"790\" alt=\"\"\/><\/p>\n<p><img decoding=\"async\" class=\"alignnone size-full\" src=\"https:\/\/1688factorys.com\/wp-content\/uploads\/detail_pic_4-2176.jpg\" width=\"790\" alt=\"\"\/><\/p>\n<p><img decoding=\"async\" class=\"alignnone size-full\" src=\"https:\/\/1688factorys.com\/wp-content\/uploads\/detail_pic_5-2037.jpg\" width=\"790\" alt=\"\"\/><\/p>\n<p><img decoding=\"async\" class=\"alignnone size-full\" src=\"https:\/\/1688factorys.com\/wp-content\/uploads\/detail_pic_6-1849.jpg\" width=\"790\" alt=\"\"\/><\/p>\n<p><img decoding=\"async\" class=\"alignnone size-full\" src=\"https:\/\/1688factorys.com\/wp-content\/uploads\/detail_pic_7-1834.jpg\" width=\"790\" alt=\"\"\/><\/p>\n<p><img decoding=\"async\" class=\"alignnone size-full\" src=\"https:\/\/1688factorys.com\/wp-content\/uploads\/detail_pic_8-1551.jpg\" width=\"790\" alt=\"\"\/><\/p>\n<p><img decoding=\"async\" class=\"alignnone size-full\" src=\"https:\/\/1688factorys.com\/wp-content\/uploads\/detail_pic_9-1446.jpg\" width=\"790\" alt=\"\"\/><\/p>\n<p><img decoding=\"async\" class=\"alignnone size-full\" src=\"https:\/\/1688factorys.com\/wp-content\/uploads\/detail_pic_10-1486.jpg\" width=\"790\" alt=\"\"\/><\/p>\n<p><img decoding=\"async\" class=\"alignnone size-full\" src=\"https:\/\/1688factorys.com\/wp-content\/uploads\/detail_pic_11-1548.jpg\" width=\"790\" alt=\"\"\/><\/p>\n<p><img decoding=\"async\" class=\"alignnone size-full\" src=\"https:\/\/1688factorys.com\/wp-content\/uploads\/detail_pic_12-1246.jpg\" width=\"790\" alt=\"\"\/><\/p>\n<p><img decoding=\"async\" class=\"alignnone size-full\" src=\"https:\/\/1688factorys.com\/wp-content\/uploads\/detail_pic_13-1273.jpg\" width=\"790\" alt=\"\"\/><\/p>\n<p><img decoding=\"async\" class=\"alignnone size-full\" src=\"https:\/\/1688factorys.com\/wp-content\/uploads\/detail_pic_14-1107.jpg\" width=\"790\" alt=\"\"\/><\/p>","protected":false},"excerpt":{"rendered":"<p>On Off Momentary Switches Metal 12mm 16mm 19mm 22mm Waterproof Power Push Button Switches Start Buttons<\/p>","protected":false},"featured_media":6657,"template":"","meta":{"site-sidebar-layout":"default","site-content-layout":"","ast-site-content-layout":"default","site-content-style":"default","site-sidebar-style":"default","ast-global-header-display":"","ast-banner-title-visibility":"","ast-main-header-display":"","ast-hfb-above-header-display":"","ast-hfb-below-header-display":"","ast-hfb-mobile-header-display":"","site-post-title":"","ast-breadcrumbs-content":"","ast-featured-img":"","footer-sml-layout":"","theme-transparent-header-meta":"","adv-header-id-meta":"","stick-header-meta":"","header-above-stick-meta":"","header-main-stick-meta":"","header-below-stick-meta":"","astra-migrate-meta-layouts":"default","ast-page-background-enabled":"default","ast-page-background-meta":{"desktop":{"background-color":"var(--ast-global-color-5)","background-image":"","background-repeat":"repeat","background-position":"center center","background-size":"auto","background-attachment":"scroll","background-type":"","background-media":"","overlay-type":"","overlay-color":"","overlay-opacity":"","overlay-gradient":""},"tablet":{"background-color":"","background-image":"","background-repeat":"repeat","background-position":"center center","background-size":"auto","background-attachment":"scroll","background-type":"","background-media":"","overlay-type":"","overlay-color":"","overlay-opacity":"","overlay-gradient":""},"mobile":{"background-color":"","background-image":"","background-repeat":"repeat","background-position":"center center","background-size":"auto","background-attachment":"scroll","background-type":"","background-media":"","overlay-type":"","overlay-color":"","overlay-opacity":"","overlay-gradient":""}},"ast-content-background-meta":{"desktop":{"background-color":"var(--ast-global-color-4)","background-image":"","background-repeat":"repeat","background-position":"center center","background-size":"auto","background-attachment":"scroll","background-type":"","background-media":"","overlay-type":"","overlay-color":"","overlay-opacity":"","overlay-gradient":""},"tablet":{"background-color":"var(--ast-global-color-4)","background-image":"","background-repeat":"repeat","background-position":"center center","background-size":"auto","background-attachment":"scroll","background-type":"","background-media":"","overlay-type":"","overlay-color":"","overlay-opacity":"","overlay-gradient":""},"mobile":{"background-color":"var(--ast-global-color-4)","background-image":"","background-repeat":"repeat","background-position":"center center","background-size":"auto","background-attachment":"scroll","background-type":"","background-media":"","overlay-type":"","overlay-color":"","overlay-opacity":"","overlay-gradient":""}}},"product_brand":[],"product_cat":[30],"product_tag":[],"class_list":{"0":"post-6658","1":"product","2":"type-product","3":"status-publish","4":"has-post-thumbnail","6":"product_cat-22mm-push-button-switches","7":"desktop-align-left","8":"tablet-align-left","9":"mobile-align-left","11":"first","12":"outofstock","13":"shipping-taxable","14":"product-type-variable"},"_links":{"self":[{"href":"https:\/\/langirpushbutton.cn\/pt\/wp-json\/wp\/v2\/product\/6658","targetHints":{"allow":["GET"]}}],"collection":[{"href":"https:\/\/langirpushbutton.cn\/pt\/wp-json\/wp\/v2\/product"}],"about":[{"href":"https:\/\/langirpushbutton.cn\/pt\/wp-json\/wp\/v2\/types\/product"}],"wp:featuredmedia":[{"embeddable":true,"href":"https:\/\/langirpushbutton.cn\/pt\/wp-json\/wp\/v2\/media\/6657"}],"wp:attachment":[{"href":"https:\/\/langirpushbutton.cn\/pt\/wp-json\/wp\/v2\/media?parent=6658"}],"wp:term":[{"taxonomy":"product_brand","embeddable":true,"href":"https:\/\/langirpushbutton.cn\/pt\/wp-json\/wp\/v2\/product_brand?post=6658"},{"taxonomy":"product_cat","embeddable":true,"href":"https:\/\/langirpushbutton.cn\/pt\/wp-json\/wp\/v2\/product_cat?post=6658"},{"taxonomy":"product_tag","embeddable":true,"href":"https:\/\/langirpushbutton.cn\/pt\/wp-json\/wp\/v2\/product_tag?post=6658"}],"curies":[{"name":"wp","href":"https:\/\/api.w.org\/{rel}","templated":true}]}}